{"id":145,"date":"2022-08-27T01:20:16","date_gmt":"2022-08-26T22:20:16","guid":{"rendered":"http:\/\/studyoweb.com\/tac\/?page_id=145"},"modified":"2024-10-01T14:33:53","modified_gmt":"2024-10-01T11:33:53","slug":"kisisel-verileri-koruma-kanunu","status":"publish","type":"page","link":"https:\/\/taciklimlendirme.com\/en\/kurumsal\/kisisel-verileri-koruma-kanunu\/","title":{"rendered":"PERSONAL DATA PROTECTION LAW"},"content":{"rendered":"<p>[vc_row][vc_column][vc_column_text]<\/p>\n<h2 style=\"text-align: center;\">Ki\u015fisel Verilerin Korunmas\u0131na \u0130li\u015fkin Kurumsal Genel Ayd\u0131nlatma Metni<\/h2>\n<p>TAC ISITMA SO\u011eUTMA LTD. \u015eT\u0130. olarak; 6698 say\u0131l\u0131 Ki\u015fisel Verilerin Korunmas\u0131 Kanunu (\u201cKVKK\u201d) ve ilgili mevzuat ve yasal d\u00fczenlemelerden kaynaklanan faaliyetleri \u00e7er\u00e7evesinde ki\u015fisel verilerinizin i\u015flenmesi, saklanmas\u0131 ve aktar\u0131lmas\u0131na ili\u015fkin siz Ziyaret\u00e7ilerimizi, \u00c7evrimi\u00e7i Ziyaret\u00e7ilerimizi, M\u00fc\u015fterilerimizi, Potansiyel M\u00fc\u015fterilerimizi, Tedarik\u00e7i \u00c7al\u0131\u015fanlar\u0131m\u0131z\u0131 ve Tedarik\u00e7i Yetkililerimizi bilgilendirmek amac\u0131yla i\u015fbu ayd\u0131nlatma metnini haz\u0131rlad\u0131k.<\/p>\n<p><strong>1) \u0130\u015fledi\u011fimiz Ki\u015fisel Veri Kategorileriniz Nelerdir ve Bunlar\u0131 Hangi Ama\u00e7larla \u0130\u015fliyoruz?<\/strong><br \/>\n\u0130\u015f ortaklar\u0131m\u0131z\u0131n ki\u015fisel bilgileri TAC ISITMA SO\u011eUTMA LTD. \u015eT\u0130. taraf\u0131ndan KVKK\u2019n\u0131n 4.2. maddesinde \u00f6ng\u00f6r\u00fclen;<\/p>\n<ul>\n<li>(i) Hukuka ve d\u00fcr\u00fcstl\u00fck kurallar\u0131na uygun olma,<\/li>\n<li>(ii) Do\u011fru ve gerekti\u011finde g\u00fcncel olma,<\/li>\n<li>(iii) Belirli, a\u00e7\u0131k ve me\u015fru ama\u00e7lar i\u00e7in i\u015flenme,<\/li>\n<li>(iv) \u0130\u015flendikleri ama\u00e7la ba\u011flant\u0131l\u0131, s\u0131n\u0131rl\u0131 ve \u00f6l\u00e7\u00fcl\u00fc olma,<\/li>\n<li>(v) \u0130lgili mevzuatta \u00f6ng\u00f6r\u00fclen veya i\u015flendikleri ama\u00e7 i\u00e7in gerekli olan s\u00fcre kadar muhafaza edilme,<\/li>\n<\/ul>\n<p>ilkelerine uygun olarak, i\u015f ortaklar\u0131m\u0131zla kurdu\u011fumuz ve devam eden i\u015f ili\u015fkilerimiz kapsam\u0131nda (bir ki\u015finin birden \u00e7ok kategoriye girmesi m\u00fcmk\u00fcnd\u00fcr) a\u015fa\u011f\u0131da belirtilen ama\u00e7lar do\u011frultusunda i\u015flenebilecektir.<\/p>\n<p><strong>A. Ziyaret\u00e7ilerimiz<\/strong><\/p>\n<p>Ziyaret\u00e7ilerimizin fiziksel mekan g\u00fcvenli\u011fi bilgileri (\u00f6r. kamera kay\u0131tlar\u0131); a) Fiziksel mekan g\u00fcvenli\u011finin temini ama\u00e7lar\u0131 ile i\u015flenecektir.<\/p>\n<p><strong>B. \u00c7evrimi\u00e7i Ziyaret\u00e7ilerimiz<\/strong><\/p>\n<p>Web sitemizi kullanan \u00e7evirimi\u00e7i ziyaret\u00e7ilerimizin i\u015flem g\u00fcvenli\u011fi bilgileri (\u00f6r. IP adresi bilginiz) ve (bizlere bunlar\u0131 bildirdi\u011finiz takdirde) kimlik bilgileri, ileti\u015fim bilgileri (\u00f6r. e-posta adresiniz);<\/p>\n<p>a) faaliyetlerin mevzuata uygun y\u00fcr\u00fct\u00fclmesi, b) bilgi g\u00fcvenli\u011fi s\u00fcre\u00e7lerinin y\u00fcr\u00fct\u00fclmesi, c) talep\/\u015fikayetlerin takibi, d) ileti\u015fim faaliyetlerinin y\u00fcr\u00fct\u00fclmesi, e) yetkili ki\u015fi, kurum ve kurulu\u015flara bilgi verilmesi, f) internet arac\u0131l\u0131\u011f\u0131yla web sitemize eri\u015fiminizi sa\u011flayabilmek amac\u0131yla i\u015flenecektir.<\/p>\n<p><strong>C. M\u00fc\u015fterilerimiz<\/strong><\/p>\n<p>Ger\u00e7ek ki\u015fi m\u00fc\u015fterilerimizin veya t\u00fczel ki\u015fi m\u00fc\u015fterilerimizin yetkililerinin ve\/veya m\u00fc\u015fterilerinin kimlik bilgileri, adres bilgileri ileti\u015fim bilgileri, m\u00fc\u015fteri i\u015flemi bilgileri (\u00f6r. sipari\u015f bilgisi), fiziksel mekan g\u00fcvenli\u011fi bilgileri, finans bilgileri (\u00f6r. bilan\u00e7o bilgileri), hukuki i\u015flem bilgileri, pazarlama bilgileri (\u00f6r. al\u0131\u015fveri\u015f ge\u00e7mi\u015fi bilgileri);<\/p>\n<ul>\n<li>a) faaliyetlerin mevzuata uygun y\u00fcr\u00fct\u00fclmesi,<\/li>\n<li>b) finans ve muhasebe i\u015flerinin y\u00fcr\u00fct\u00fclmesi,<\/li>\n<li>c) i\u015f faaliyetlerinin y\u00fcr\u00fct\u00fclmesi\/denetimi,<\/li>\n<li>d) lojistik faaliyetlerinin y\u00fcr\u00fct\u00fclmesi,<\/li>\n<li>e) mal\/hizmet sat\u0131\u015f sonras\u0131 destek hizmetlerinin y\u00fcr\u00fct\u00fclmesi,<\/li>\n<li>f) mal\/hizmet sat\u0131\u015f s\u00fcre\u00e7lerinin y\u00fcr\u00fct\u00fclmesi,<\/li>\n<li>g) pazarlama analiz \u00e7al\u0131\u015fmalar\u0131n\u0131n y\u00fcr\u00fct\u00fclmesi,<\/li>\n<li>h) s\u00f6zle\u015fme s\u00fcre\u00e7lerinin y\u00fcr\u00fct\u00fclmesi,<\/li>\n<li>i) yetkili ki\u015fi, kurum ve kurulu\u015flara bilgi verilmesi,<\/li>\n<li>j) fiziksel mekan g\u00fcvenli\u011finin temini,<\/li>\n<li>k) hukuki uyu\u015fmazl\u0131klar\u0131n giderilmesi,<\/li>\n<li>l) saklama ve ar\u015fiv faaliyetlerinin y\u00fcr\u00fct\u00fclmesi,<\/li>\n<li>m) risk y\u00f6netimi s\u00fcre\u00e7lerinin y\u00fcr\u00fct\u00fclmesi,<\/li>\n<li>n) reklam\/kampanya\/promosyon s\u00fcre\u00e7lerinin y\u00fcr\u00fct\u00fclmesi,<\/li>\n<li>o) firma\/\u00fcr\u00fcn\/hizmetlere ba\u011fl\u0131l\u0131k s\u00fcre\u00e7lerinin y\u00fcr\u00fct\u00fclmesi,<\/li>\n<li>p) ileti\u015fim faaliyetlerinin y\u00fcr\u00fct\u00fclmesi ama\u00e7lar\u0131 ile i\u015flenecektir.<\/li>\n<\/ul>\n<p><strong>D. Potansiyel M\u00fc\u015fterilerimiz<\/strong><\/p>\n<p>Ger\u00e7ek ki\u015fi m\u00fc\u015fterilerimizin veya t\u00fczel ki\u015fi m\u00fc\u015fterilerimizin \u00e7al\u0131\u015fanlar\u0131n\u0131n ve\/veya m\u00fc\u015fterilerinin kimlik bilgileri, ileti\u015fim bilgileri, m\u00fc\u015fteri i\u015flemi bilgileri, pazarlama bilgileri;<\/p>\n<ul>\n<li>a) mal\/hizmet sat\u0131\u015f s\u00fcre\u00e7lerinin y\u00f6netilmesi,<\/li>\n<li>b) s\u00f6zle\u015fme s\u00fcre\u00e7lerinin y\u00fcr\u00fct\u00fclmesi,<\/li>\n<li>c) reklam\/kampanya\/promosyon s\u00fcre\u00e7lerinin y\u00fcr\u00fct\u00fclmesi,<\/li>\n<li>d) pazarlama analiz \u00e7al\u0131\u015fmalar\u0131n\u0131n y\u00fcr\u00fct\u00fclmesi ama\u00e7lar\u0131 ile i\u015flenecektir.<\/li>\n<\/ul>\n<p><strong>E. Tedarik\u00e7i \u00c7al\u0131\u015fan\u0131m\u0131z<\/strong><\/p>\n<p>Tedarik\u00e7i \u00e7al\u0131\u015fan\u0131m\u0131z\u0131n kimlik bilgileri, ileti\u015fim bilgileri, fiziksel mekan g\u00fcvenli\u011fi bilgileri, mesleki deneyim bilgileri (\u00f6r. meslek i\u00e7i e\u011fitim bilgileri);<\/p>\n<ul>\n<li>a) ileti\u015fim faaliyetlerinin y\u00fcr\u00fct\u00fclmesi,<\/li>\n<li>b) i\u015f faaliyetlerinin y\u00fcr\u00fct\u00fclmesi\/denetimi,<\/li>\n<li>c) fiziksel mekan g\u00fcvenli\u011finin temini,<\/li>\n<li>d) tedarik zinciri y\u00f6netimi s\u00fcre\u00e7lerinin y\u00fcr\u00fct\u00fclmesi,<\/li>\n<li>e) lojistik faaliyetlerinin y\u00fcr\u00fct\u00fclmesi,<\/li>\n<li>f) faaliyetlerin mevzuata uygun y\u00fcr\u00fct\u00fclmesi,<\/li>\n<li>g) i\u015f sa\u011fl\u0131\u011f\u0131\/g\u00fcvenli\u011fi faaliyetlerinin y\u00fcr\u00fct\u00fclmesi ama\u00e7lar\u0131 ile i\u015flenecektir.<\/li>\n<\/ul>\n<p><strong>F. Tedarik\u00e7i Yetkilimiz<\/strong><\/p>\n<p>Ger\u00e7ek ki\u015fi tedarik\u00e7ilerimizin veya t\u00fczel ki\u015fi tedarik\u00e7i yetkililerimizin kimlik bilgileri, ileti\u015fim bilgileri, fiziksel mekan g\u00fcvenli\u011fi, m\u00fc\u015fteri i\u015flemi bilgileri, finans bilgileri, pazarlama bilgileri, hukuki i\u015flem bilgileri;<\/p>\n<ul>\n<li>a) i\u015f faaliyetlerinin y\u00fcr\u00fct\u00fclmesi\/denetimi,<\/li>\n<li>b) mal\/hizmet sat\u0131n al\u0131m s\u00fcre\u00e7lerinin y\u00fcr\u00fct\u00fclmesi,<\/li>\n<li>c) finans ve muhasebe i\u015flerinin y\u00fcr\u00fct\u00fclmesi,<\/li>\n<li>d) s\u00f6zle\u015fme s\u00fcre\u00e7lerinin y\u00fcr\u00fct\u00fclmesi,<\/li>\n<li>e) yat\u0131r\u0131m s\u00fcre\u00e7lerinin y\u00fcr\u00fct\u00fclmesi,<\/li>\n<li>f) fiziksel mekan g\u00fcvenli\u011finin temini,<\/li>\n<li>g) hukuk i\u015flerinin takibi ve y\u00fcr\u00fct\u00fclmesi ama\u00e7lar\u0131 ile i\u015flenecektir.<\/li>\n<\/ul>\n<p><strong>2) Ki\u015fisel Verilerinizin Toplanma Y\u00f6ntemleri Nelerdir?<\/strong><\/p>\n<p>Yukar\u0131da kategoriler halinde belirtilen ki\u015fisel verileriniz; sipari\u015f formlar\u0131, s\u00f6zle\u015fmeler gibi fiziki yollarla veya bilgi sistemleri ve elektronik cihazlar (\u00f6r. telekom\u00fcnikasyon altyap\u0131s\u0131, bilgisayar ve telefonlar), web sitemiz ve ilgili ki\u015fi taraf\u0131ndan beyan edilen di\u011fer belgeler vas\u0131tas\u0131yla otomatik olan veya otomatik olmayan yollarla toplanmaktad\u0131r.<\/p>\n<p><strong>3) Ki\u015fisel Verilerinizin Toplanmas\u0131n\u0131n Hukuki Sebebi Nedir?<\/strong><\/p>\n<p>Ki\u015fisel verileriniz, TAC ISITMA SO\u011eUTMA LTD. \u015eT\u0130. taraf\u0131ndan; yukar\u0131da a\u00e7\u0131klanan ama\u00e7lar\u0131n ger\u00e7ekle\u015ftirilmesi do\u011frultusunda KVKK\u2019n\u0131n 5. maddesinde belirtilmi\u015f olan;<\/p>\n<ul>\n<li>(i) Kanunlarda a\u00e7\u0131k\u00e7a \u00f6ng\u00f6r\u00fclmesi,<\/li>\n<li>(ii) Bir s\u00f6zle\u015fmenin kurulmas\u0131 veya ifas\u0131yla do\u011frudan do\u011fruya ilgili olmas\u0131 kayd\u0131yla; s\u00f6zle\u015fmenin taraflar\u0131na ait ki\u015fisel verilerin i\u015flenmesinin gerekli olmas\u0131,<\/li>\n<li>(iii) Veri sorumlusunun hukuki y\u00fck\u00fcml\u00fcl\u00fc\u011f\u00fcn\u00fc yerine getirebilmesi i\u00e7in zorunlu olmas\u0131,<\/li>\n<li>(iv) Bir hakk\u0131n tesisi, kullan\u0131lmas\u0131 veya korunmas\u0131 i\u00e7in veri i\u015flemenin zorunlu olmas\u0131,<\/li>\n<li>(v) \u0130lgili ki\u015finin temel hak ve \u00f6zg\u00fcrl\u00fcklerine zarar vermemek kayd\u0131yla, veri sorumlusunun me\u015fru menfaatleri i\u00e7in veri i\u015flenmesinin zorunlu olmas\u0131 hukuki sebeplerine dayan\u0131larak i\u015flenmektedir.<\/li>\n<\/ul>\n<p>Veri i\u015fleme faaliyetinin, yukar\u0131daki hukuki sebeplerden birine dayand\u0131r\u0131lamad\u0131\u011f\u0131 zaman ise a\u00e7\u0131k r\u0131zan\u0131za dayan\u0131larak ki\u015fisel verileriniz i\u015flenmektedir.<\/p>\n<p><strong>4) Ki\u015fisel Verilerinizi \u00dc\u00e7\u00fcnc\u00fc Bir Ki\u015fiye Aktar\u0131yor Muyuz?<\/strong><\/p>\n<ul>\n<li>a) Ziyaret\u00e7ilerimize ait ki\u015fisel veriler, hukuki uyu\u015fmazl\u0131klar\u0131n giderilmesi amac\u0131yla ve ilgili mevzuat gere\u011fi talep edilmesi halinde kolluk kuvvetleri ve adli makamlarla payla\u015f\u0131labilecektir.<\/li>\n<li>b) \u00c7evrimi\u00e7i ziyaret\u00e7ilerimize ait ki\u015fisel veriler, hukuki uyu\u015fmazl\u0131klar\u0131n giderilmesi amac\u0131yla ve ilgili mevzuat gere\u011fi talep edilmesi halinde adli makamlar ve yetkili kamu kurum ve kurulu\u015flar\u0131 ile payla\u015f\u0131labilecektir.<\/li>\n<li>c) M\u00fc\u015fterilerimize ait ki\u015fisel veriler, yasal d\u00fczenlemelerin \u00f6ng\u00f6rd\u00fc\u011f\u00fc kapsamda, faaliyetlerin mevzuata uygun y\u00fcr\u00fct\u00fclmesi, hukuk i\u015flerinin takibi ve y\u00fcr\u00fct\u00fclmesi, yetkili ki\u015fi, kurum ve kurulu\u015flara bilgi verilmesi amac\u0131yla yetkili kamu kurum ve kurulu\u015flar\u0131na; i\u015f faaliyetlerinin y\u00fcr\u00fct\u00fclmesi\/denetimi, risk y\u00f6netimi s\u00fcre\u00e7lerinin y\u00fcr\u00fct\u00fclmesi, hizmetlerimizin gere\u011fi gibi ifa edilebilmesi amac\u0131yla gerekli oldu\u011fu \u00f6l\u00e7\u00fcde topluluk \u015firketlerimize, tedarik\u00e7ilere, kargo \u015firketlerine, sigorta \u015firketlerine, bankalara ve mali m\u00fc\u015favirimize aktar\u0131lmaktad\u0131r. Ayr\u0131ca s\u00f6z konusu ki\u015fisel veriler, ileride \u00e7\u0131kabilecek hukuki uyu\u015fmazl\u0131klarda delil olarak kullan\u0131labilmesi amac\u0131yla hizmet ald\u0131\u011f\u0131m\u0131z hukuk b\u00fcrosuna ve adli makamlara aktar\u0131labilecektir.<\/li>\n<li>d) Potansiyel m\u00fc\u015fterilerimize ait ki\u015fisel veriler, ileride \u00e7\u0131kabilecek hukuki uyu\u015fmazl\u0131klarda delil olarak kullan\u0131labilmesi amac\u0131yla hizmet ald\u0131\u011f\u0131m\u0131z hukuk b\u00fcrosuna ve adli makamlara aktar\u0131labilecektir.<\/li>\n<li>e) Tedarik\u00e7i \u00e7al\u0131\u015fan\u0131m\u0131za ait ki\u015fisel veriler, yasal d\u00fczenlemenin \u00f6ng\u00f6rd\u00fc\u011f\u00fc kapsamda, faaliyetlerin mevzuata uygun y\u00fcr\u00fct\u00fclmesi, hukuk i\u015flerinin takibi ve y\u00fcr\u00fct\u00fclmesi, yetkili ki\u015fi, kurum ve kurulu\u015flara bilgi verilmesi, i\u015f faaliyetlerinin y\u00fcr\u00fct\u00fclmesi\/denetimi ama\u00e7lar\u0131yla yetkili kamu kurum ve kurulu\u015flar\u0131na; hizmetin gere\u011fi gibi ifa edilebilmesi amac\u0131yla gerekli oldu\u011fu \u00f6l\u00e7\u00fcde topluluk \u015firketlerine, tedarik\u00e7ilere, kargo \u015firketlerine, bankalara ve mali m\u00fc\u015favirimize aktar\u0131lmaktad\u0131r. Ayr\u0131ca s\u00f6z konusu ki\u015fisel veriler, ileride \u00e7\u0131kabilecek hukuki uyu\u015fmazl\u0131klarda delil olarak kullan\u0131labilmesi amac\u0131yla hizmet ald\u0131\u011f\u0131m\u0131z hukuk b\u00fcrosuna ve adli makamlara aktar\u0131labilecektir.<\/li>\n<li>f) Tedarik\u00e7i yetkilimize ait ki\u015fisel veriler, yasal d\u00fczenlemelerin \u00f6ng\u00f6rd\u00fc\u011f\u00fc kapsamda, faaliyetlerin mevzuata uygun y\u00fcr\u00fct\u00fclmesi, hukuk i\u015flerinin takibi ve y\u00fcr\u00fct\u00fclmesi, yetkili ki\u015fi, kurum ve kurulu\u015flara bilgi verilmesi, i\u015f faaliyetlerinin y\u00fcr\u00fct\u00fclmesi \/ denetimi amac\u0131yla yetkili kamu kurum ve kurulu\u015flar\u0131na; hizmetin gere\u011fi gibi ifa edilebilmesi amac\u0131yla gerekli oldu\u011fu \u00f6l\u00e7\u00fcde \u00f6l\u00e7\u00fcde topluluk \u015firketlerine, tedarik\u00e7ilere, kargo \u015firketlerine, bankalara ve mali m\u00fc\u015favirimize aktar\u0131lmaktad\u0131r. Ayr\u0131ca s\u00f6z konusu ki\u015fisel veriler, ileride \u00e7\u0131kabilecek hukuki uyu\u015fmazl\u0131klarda delil olarak kullan\u0131labilmesi amac\u0131yla hizmet ald\u0131\u011f\u0131m\u0131z hukuk b\u00fcrosuna ve adli makamlara aktar\u0131labilecektir.<\/li>\n<\/ul>\n<p><strong>5) Ki\u015fisel Verilerinizi Yurt D\u0131\u015f\u0131na Aktar\u0131yor Muyuz?<\/strong><\/p>\n<p>TAC ISITMA SO\u011eUTMA LTD. \u015eT\u0130. olarak, ki\u015fisel verilerinizi yurt d\u0131\u015f\u0131na aktarmamaktay\u0131z.<\/p>\n<p><strong>6) Ki\u015fisel Verileriniz \u0130le \u0130lgili Haklar\u0131n\u0131z\u0131 Nas\u0131l Kullanabilirsiniz?<\/strong><\/p>\n<p>KVKK\u2019n\u0131n ilgili ki\u015filerin haklar\u0131n\u0131 d\u00fczenleyen 11. maddesi kapsam\u0131ndaki taleplerinizi TAC ISITMA SO\u011eUTMA LTD. \u015eT\u0130.&#8217;e ait &#8220;www.taciklimlendirme.com&#8221; adresinde yer alan \u201cVeri Sorumlusuna Ba\u015fvuru Usul ve Esaslar\u0131 Hakk\u0131nda Tebli\u011f\u201d uyar\u0131nca sizlere kolayl\u0131k sa\u011flamas\u0131 ad\u0131na haz\u0131rlanan &#8220;Veri Sorumlusuna Ba\u015fvuru Formu&#8221; arac\u0131l\u0131\u011f\u0131yla bizlere iletebilirsiniz. <strong><a href=\"https:\/\/taciklimlendirme.com\/wp-content\/uploads\/2024\/10\/Veri-Sorumlusuna-Basvuru-Formu.docx\" target=\"_blank\" rel=\"noopener\">Formu indirmek i\u00e7in t\u0131klay\u0131n\u0131z.<\/a><\/strong><\/p>\n<p><strong>Veri Sorumlusu:<\/strong> TAC ISITMA SO\u011eUTMA LTD. \u015eT\u0130.<br \/>\n<strong>Adres:<\/strong> Yeni\u015fehir 1202\/1. Sk. 19\/K 35170 Konak \/ \u0130zmir<br \/>\n<strong>E-Posta:<\/strong> <a href=\"mailto:kvkk@taciklimlendirme.com\">kvkk@taciklimlendirme.com<\/a>[\/vc_column_text][\/vc_column][\/vc_row][vc_row][vc_column][vc_column_text][\/vc_column_text][\/vc_column][\/vc_row]<\/p>\n","protected":false},"excerpt":{"rendered":"<p>[vc_row][vc_column][vc_column_text] Ki\u015fisel Verilerin Korunmas\u0131na \u0130li\u015fkin Kurumsal Genel Ayd\u0131nlatma Metni TAC ISITMA SO\u011eUTMA LTD. \u015eT\u0130. olarak; 6698 say\u0131l\u0131 Ki\u015fisel Verilerin Korunmas\u0131 Kanunu (\u201cKVKK\u201d) ve ilgili mevzuat ve yasal d\u00fczenlemelerden kaynaklanan faaliyetleri \u00e7er\u00e7evesinde ki\u015fisel verilerinizin i\u015flenmesi, saklanmas\u0131 ve aktar\u0131lmas\u0131na ili\u015fkin siz Ziyaret\u00e7ilerimizi, \u00c7evrimi\u00e7i Ziyaret\u00e7ilerimizi, M\u00fc\u015fterilerimizi, Potansiyel M\u00fc\u015fterilerimizi, Tedarik\u00e7i \u00c7al\u0131\u015fanlar\u0131m\u0131z\u0131 ve Tedarik\u00e7i Yetkililerimizi bilgilendirmek amac\u0131yla i\u015fbu ayd\u0131nlatma metnini [&hellip;]<\/p>\n","protected":false},"author":1,"featured_media":0,"parent":30,"menu_order":0,"comment_status":"closed","ping_status":"closed","template":"","meta":[],"_links":{"self":[{"href":"https:\/\/taciklimlendirme.com\/en\/wp-json\/wp\/v2\/pages\/145"}],"collection":[{"href":"https:\/\/taciklimlendirme.com\/en\/wp-json\/wp\/v2\/pages"}],"about":[{"href":"https:\/\/taciklimlendirme.com\/en\/wp-json\/wp\/v2\/types\/page"}],"author":[{"embeddable":true,"href":"https:\/\/taciklimlendirme.com\/en\/wp-json\/wp\/v2\/users\/1"}],"replies":[{"embeddable":true,"href":"https:\/\/taciklimlendirme.com\/en\/wp-json\/wp\/v2\/comments?post=145"}],"version-history":[{"count":8,"href":"https:\/\/taciklimlendirme.com\/en\/wp-json\/wp\/v2\/pages\/145\/revisions"}],"predecessor-version":[{"id":468,"href":"https:\/\/taciklimlendirme.com\/en\/wp-json\/wp\/v2\/pages\/145\/revisions\/468"}],"up":[{"embeddable":true,"href":"https:\/\/taciklimlendirme.com\/en\/wp-json\/wp\/v2\/pages\/30"}],"wp:attachment":[{"href":"https:\/\/taciklimlendirme.com\/en\/wp-json\/wp\/v2\/media?parent=145"}],"curies":[{"name":"wp","href":"https:\/\/api.w.org\/{rel}","templated":true}]}}