{"id":148,"date":"2022-08-27T01:20:47","date_gmt":"2022-08-26T22:20:47","guid":{"rendered":"http:\/\/studyoweb.com\/tac\/?page_id=148"},"modified":"2024-10-01T14:35:48","modified_gmt":"2024-10-01T11:35:48","slug":"cerez-politikasi","status":"publish","type":"page","link":"https:\/\/taciklimlendirme.com\/en\/kurumsal\/cerez-politikasi\/","title":{"rendered":"COOKIE POLICY"},"content":{"rendered":"<p>[vc_row][vc_column][vc_column_text]<strong>\u00c7EREZ (COOKIE) POL\u0130T\u0130KASI \u00d6RNE\u011e\u0130<\/strong><\/p>\n<p>\u00c7erez Politikam\u0131z, <a href=\"https:\/\/taciklimlendirme.com\/kurumsal\/kisisel-verileri-koruma-kanunu\/\" target=\"blank\" rel=\"noopener\">KVKK<\/a> politikam\u0131z\u0131n bir par\u00e7as\u0131n\u0131 olu\u015fturur.<\/p>\n<p><strong>\u00c7erez (Cookie) Nedir?<\/strong><\/p>\n<p>G\u00fcn\u00fcm\u00fczde neredeyse her web sitesi \u00e7erez kullanmaktad\u0131r. Size daha iyi, h\u0131zl\u0131 ve g\u00fcvenli bir deneyim sa\u011flamak i\u00e7in, \u00e7o\u011fu internet sitesi gibi biz de \u00e7erezler kullan\u0131yoruz. \u00c7erez, bir web sitesini ziyaret etti\u011finizde cihaz\u0131n\u0131za (\u00f6rne\u011fin; bilgisayar veya cep telefonu) depolanan k\u00fc\u00e7\u00fck bir metin dosyas\u0131d\u0131r. \u00c7erezler, bir web sitesini ilk ziyaretiniz s\u0131ras\u0131nda taray\u0131c\u0131n\u0131z arac\u0131l\u0131\u011f\u0131yla cihaz\u0131n\u0131za depolanabilirler. Ayn\u0131 siteyi ayn\u0131 cihazla tekrar ziyaret etti\u011finizde taray\u0131c\u0131n\u0131z cihaz\u0131n\u0131zda site ad\u0131na kay\u0131tl\u0131 bir \u00e7erez olup olmad\u0131\u011f\u0131n\u0131 kontrol eder. E\u011fer kay\u0131t var ise, kayd\u0131n i\u00e7indeki veriyi ziyaret etmekte oldu\u011funuz web sitesine iletir. Bu sayede web sitesi, sizin siteyi daha \u00f6nce ziyaret etti\u011finizi anlar ve size iletilecek i\u00e7eri\u011fi de ona g\u00f6re tayin eder.<\/p>\n<p><strong>\u00c7erezler Neden Kullan\u0131l\u0131r?<\/strong><\/p>\n<p>Baz\u0131 \u00e7erezler, daha \u00f6nceki ziyaretlerinizde kulland\u0131\u011f\u0131n\u0131z tercihlerin web sitesi taraf\u0131ndan hat\u0131rlanmas\u0131n\u0131 sa\u011flayarak, sonraki ziyaretlerinizin \u00e7ok daha kullan\u0131c\u0131 dostu ve ki\u015fiselle\u015ftirilmi\u015f bir deneyim sunmas\u0131n\u0131 sa\u011flar.<\/p>\n<p>Ayr\u0131ca, web sitesinde bulunan \u00fc\u00e7\u00fcnc\u00fc taraflara ait linkler, bu \u00fc\u00e7\u00fcnc\u00fc taraflara ait gizlilik politikalar\u0131na tabi olmakla birlikte, gizlilik uygulamalar\u0131na ait sorumluluk taciklimlendirme.com\u2019a ait olmamaktad\u0131r ve bu ba\u011flamda ilgili link kapsam\u0131ndaki site ziyaret edildi\u011finde siteye ait gizlilik politikas\u0131n\u0131n okunmas\u0131 \u00f6nerilmektedir.<\/p>\n<p><strong>\u00c7erez T\u00fcrleri<\/strong><\/p>\n<p>Ana kullan\u0131m amac\u0131 kullan\u0131c\u0131lara kolayl\u0131k sa\u011flamak olan \u00e7erezler, temel olarak 4 ana grupta toplanmaktad\u0131r:<\/p>\n<ul>\n<li><strong>Oturum \u00c7erezleri:<\/strong>\u00a0Internet sayfalar\u0131 aras\u0131nda bilgi ta\u015f\u0131nmas\u0131 ve kullan\u0131c\u0131 taraf\u0131ndan girilen bilgilerin sistemsel olarak hat\u0131rlanmas\u0131 gibi \u00e7e\u015fitli \u00f6zelliklerden faydalanmaya olanak sa\u011flayan \u00e7erezlerdir ve internet sitesine ait fonksiyonlar\u0131n d\u00fczg\u00fcn bir \u015fekilde i\u015fleyebilmesi i\u00e7in gereklidir.<\/li>\n<li><strong>Performans \u00c7erezleri:<\/strong>\u00a0Sayfalar\u0131n ziyaret edilme frekans\u0131, olas\u0131 hata iletileri, kullan\u0131c\u0131lar\u0131n ilgili sayfada harcad\u0131klar\u0131 toplam zaman ile birlikte siteyi kullan\u0131m desenleri konular\u0131nda bilgi toplayan \u00e7erezlerdir ve internet sitesinin performans\u0131n\u0131 artt\u0131rma amac\u0131yla kullan\u0131lmaktad\u0131r.<\/li>\n<li><strong>Fonksiyonel \u00c7erezler:<\/strong>\u00a0Kullan\u0131c\u0131ya kolayl\u0131k sa\u011flanmas\u0131 amac\u0131yla \u00f6nceden se\u00e7ili olan se\u00e7eneklerin hat\u0131rlat\u0131lmas\u0131n\u0131 sa\u011flayan \u00e7erezlerdir ve internet sitesi kapsam\u0131nda kullan\u0131c\u0131lara geli\u015fmi\u015f Internet \u00f6zellikleri sa\u011flanmas\u0131n\u0131 hedeflemektedir.<\/li>\n<li><strong>Reklam Ve \u00dc\u00e7\u00fcnc\u00fc Taraf \u00c7erezleri:<\/strong>\u00a0\u00dc\u00e7\u00fcnc\u00fc parti tedarik\u00e7ilere ait \u00e7erezlerdir ve internet sitesindeki baz\u0131 fonksiyonlar\u0131n kullan\u0131m\u0131na ve reklam takibinin yap\u0131lmas\u0131na olanak sa\u011flamaktad\u0131r.<\/li>\n<\/ul>\n<p><strong>\u00c7erezlerin Kullan\u0131m Ama\u00e7lar\u0131<\/strong><\/p>\n<p>taciklimlendirme.com taraf\u0131ndan kullan\u0131lmakta olan \u00e7erezlere ait kullan\u0131m ama\u00e7lar\u0131 a\u015fa\u011f\u0131daki gibidir:<\/p>\n<ul>\n<li><strong>G\u00fcvenlik ama\u00e7l\u0131 kullan\u0131mlar:<\/strong>\u00a0 taciklimlendirme.com, sistemlerinin idaresi ve g\u00fcvenli\u011finin sa\u011flanmas\u0131 amac\u0131yla, bu sitedeki fonksiyonlardan yararlanmay\u0131 sa\u011flayan veyahut d\u00fczensiz davran\u0131\u015flar\u0131 tespit eden \u00e7erezler kullanabilmektedir.<\/li>\n<li><strong>\u0130\u015flevselli\u011fe y\u00f6nelik kullan\u0131mlar:<\/strong>\u00a0 taciklimlendirme.com, sistemlerinin kullan\u0131m\u0131n\u0131 kolayla\u015ft\u0131rmak ve kullan\u0131c\u0131 \u00f6zelinde kullan\u0131m \u00f6zellikleri sa\u011flamak amac\u0131yla, kullan\u0131c\u0131lar\u0131n bilgilerini ve ge\u00e7mi\u015f se\u00e7imlerini hat\u0131rlatan \u00e7erezler kullanabilmektedir.<\/li>\n<li><strong>Performansa y\u00f6nelik kullan\u0131mlar:<\/strong>\u00a0 taciklimlendirme.com, sistemlerinin performans\u0131n\u0131n art\u0131r\u0131lmas\u0131 ve \u00f6l\u00e7\u00fclmesi amac\u0131yla, g\u00f6nderilen iletilerle olan etkile\u015fimi ve kullan\u0131c\u0131 davran\u0131\u015flar\u0131n\u0131 de\u011ferlendiren ve analiz eden \u00e7erezler kullanabilmektedir.<\/li>\n<li><strong>Reklam ama\u00e7l\u0131 kullan\u0131mlar:<\/strong>\u00a0 taciklimlendirme.com, kendine veya \u00fc\u00e7\u00fcnc\u00fc taraflara ait sistemlerin \u00fczerinden kullan\u0131c\u0131lar\u0131n ilgi alanlar\u0131 kapsam\u0131nda reklam ve benzeri i\u00e7eriklerin iletilmesi amac\u0131yla, bu reklamlar\u0131n etkinli\u011fini \u00f6l\u00e7en veya t\u0131klanma durumunu analiz eden \u00e7erezler kullanabilmektedir.<\/li>\n<\/ul>\n<p><strong>Reklam Ama\u00e7l\u0131 \u00c7erez Kullan\u0131m\u0131m\u0131z<\/strong><\/p>\n<p>\u00dc\u00e7\u00fcnc\u00fc taraf sat\u0131c\u0131 olarak Google, sitemizde reklam yay\u0131nlamak i\u00e7in \u00e7erezlerden yararlan\u0131r. Bu \u00e7erezlerini kullanarak kullan\u0131c\u0131lar\u0131n\u0131za, sitenize ve \u0130nternet\u2019teki di\u011fer sitelere yapt\u0131klar\u0131 ziyaretlere dayal\u0131 reklamlar sunar.\u00a0<a href=\"https:\/\/policies.google.com\/technologies\/ads\" target=\"_blank\" rel=\"noreferrer noopener\">Google reklam ve i\u00e7erik a\u011f\u0131 gizlilik politikas\u0131n\u0131<\/a>\u00a0ziyaret ederek DART \u00e7erezinin kullan\u0131lmas\u0131n\u0131 engelleyebilirsiniz.<\/p>\n<p>Google Web sitemizi ziyaret etti\u011fi zamanlarda reklam hizmeti vermek i\u00e7in \u00fc\u00e7\u00fcnc\u00fc taraf reklam \u015firketlerini kullanmaktad\u0131r. S\u00f6z konusu \u015firketler, bu sitelere ve di\u011fer web sitelerine yapt\u0131\u011f\u0131n\u0131z ziyaretlerden elde ettikleri (ad\u0131n\u0131z, adresiniz, e-posta adresiniz veya telefon numaran\u0131z d\u0131\u015f\u0131ndaki) bilgileri ilginizi \u00e7ekecek \u00fcr\u00fcn ve hizmetlerin reklam\u0131n\u0131 size g\u00f6stermek i\u00e7in kullanabilir. Bu uygulama hakk\u0131nda bilgi edinmek i\u00e7in ve s\u00f6z konusu bilgilerin bu \u015firketler taraf\u0131ndan kullan\u0131lmas\u0131n\u0131 engellemek \u00fczere se\u00e7eneklerinizin neler oldu\u011funu \u00f6\u011frenmek ve daha fazla bilgi i\u00e7in\u00a0<a href=\"http:\/\/www.networkadvertising.org\/sites\/default\/files\/imce\/principles.pdf\" target=\"_blank\" rel=\"noreferrer noopener\">NAI Self-Regulatory principles for publishers (PDF)<\/a>\u00a0belgesinin A Eki\u2019nden yararlanabilirsiniz.<\/p>\n<p><strong>\u00c7erezleri Kontrol Etme ve Silme<\/strong><\/p>\n<p>\u00c7erezlerin kullan\u0131m\u0131na ili\u015fkin tercihlerinizi de\u011fi\u015ftirmek ya da \u00e7erezleri engellemek veya silmek i\u00e7in taray\u0131c\u0131n\u0131z\u0131n ayarlar\u0131n\u0131 de\u011fi\u015ftirmeniz yeterlidir. Bir\u00e7ok taray\u0131c\u0131 \u00e7erezleri kontrol edebilmeniz i\u00e7in size \u00e7erezleri kabul etme veya reddetme, yaln\u0131zca belirli t\u00fcrdeki \u00e7erezleri kabul etme ya da bir web sitesi cihaz\u0131n\u0131za \u00e7erez depolamay\u0131 talep etti\u011finde taray\u0131c\u0131 taraf\u0131ndan uyar\u0131lma se\u00e7ene\u011fi sunar. Ayn\u0131 zamanda daha \u00f6nce taray\u0131c\u0131n\u0131za kaydedilmi\u015f \u00e7erezlerin silinmesi de m\u00fcmk\u00fcnd\u00fcr. \u00c7erezleri kontrol edilmesine veya silinmesine ili\u015fkin i\u015flemler kulland\u0131\u011f\u0131n\u0131z taray\u0131c\u0131ya g\u00f6re de\u011fi\u015febilmektedir. Baz\u0131 pop\u00fcler taray\u0131c\u0131lar\u0131n \u00e7erezlere izin verme ya da \u00e7erezleri engelleme veya silme talimatlar\u0131na a\u015fa\u011f\u0131daki linklerden ula\u015f\u0131lmas\u0131 m\u00fcmk\u00fcnd\u00fcr.<\/p>\n<p>\u00c7erez kullan\u0131m se\u00e7iminin de\u011fi\u015ftirilmesine ait y\u00f6ntem, taray\u0131c\u0131 tipine ba\u011fl\u0131 olarak de\u011fi\u015fmekte olup, ilgili hizmet sa\u011flay\u0131c\u0131dan dilendi\u011fi zaman \u00f6\u011frenilebilmektedir.<\/p>\n<p>Bu politikan\u0131n en son g\u00fcncellendi\u011fi tarih: 01\/03\/2021[\/vc_column_text][\/vc_column][\/vc_row]<\/p>\n","protected":false},"excerpt":{"rendered":"<p>[vc_row][vc_column][vc_column_text]\u00c7EREZ (COOKIE) POL\u0130T\u0130KASI \u00d6RNE\u011e\u0130 \u00c7erez Politikam\u0131z, KVKK politikam\u0131z\u0131n bir par\u00e7as\u0131n\u0131 olu\u015fturur. \u00c7erez (Cookie) Nedir? G\u00fcn\u00fcm\u00fczde neredeyse her web sitesi \u00e7erez kullanmaktad\u0131r. Size daha iyi, h\u0131zl\u0131 ve g\u00fcvenli bir deneyim sa\u011flamak i\u00e7in, \u00e7o\u011fu internet sitesi gibi biz de \u00e7erezler kullan\u0131yoruz. \u00c7erez, bir web sitesini ziyaret etti\u011finizde cihaz\u0131n\u0131za (\u00f6rne\u011fin; bilgisayar veya cep telefonu) depolanan k\u00fc\u00e7\u00fck bir metin [&hellip;]<\/p>\n","protected":false},"author":1,"featured_media":0,"parent":30,"menu_order":0,"comment_status":"closed","ping_status":"closed","template":"","meta":[],"_links":{"self":[{"href":"https:\/\/taciklimlendirme.com\/en\/wp-json\/wp\/v2\/pages\/148"}],"collection":[{"href":"https:\/\/taciklimlendirme.com\/en\/wp-json\/wp\/v2\/pages"}],"about":[{"href":"https:\/\/taciklimlendirme.com\/en\/wp-json\/wp\/v2\/types\/page"}],"author":[{"embeddable":true,"href":"https:\/\/taciklimlendirme.com\/en\/wp-json\/wp\/v2\/users\/1"}],"replies":[{"embeddable":true,"href":"https:\/\/taciklimlendirme.com\/en\/wp-json\/wp\/v2\/comments?post=148"}],"version-history":[{"count":7,"href":"https:\/\/taciklimlendirme.com\/en\/wp-json\/wp\/v2\/pages\/148\/revisions"}],"predecessor-version":[{"id":469,"href":"https:\/\/taciklimlendirme.com\/en\/wp-json\/wp\/v2\/pages\/148\/revisions\/469"}],"up":[{"embeddable":true,"href":"https:\/\/taciklimlendirme.com\/en\/wp-json\/wp\/v2\/pages\/30"}],"wp:attachment":[{"href":"https:\/\/taciklimlendirme.com\/en\/wp-json\/wp\/v2\/media?parent=148"}],"curies":[{"name":"wp","href":"https:\/\/api.w.org\/{rel}","templated":true}]}}