{"id":28,"date":"2022-08-24T23:38:57","date_gmt":"2022-08-24T20:38:57","guid":{"rendered":"http:\/\/studyoweb.com\/tac\/?page_id=28"},"modified":"2022-09-08T20:22:33","modified_gmt":"2022-09-08T17:22:33","slug":"iletisim","status":"publish","type":"page","link":"https:\/\/taciklimlendirme.com\/en\/kurumsal\/iletisim\/","title":{"rendered":"CONTACT"},"content":{"rendered":"<p>[vc_row type=&#8221;full_width&#8221;][vc_column][vc_row_inner][vc_column_inner][vc_column_text]<iframe loading=\"lazy\" style=\"border: 0;\" src=\"https:\/\/www.google.com\/maps\/embed?pb=!1m14!1m8!1m3!1d6251.138917363159!2d27.164785177215585!3d38.42831357927778!3m2!1i1024!2i768!4f13.1!3m3!1m2!1s0x0%3A0x8ba004d582c769ed!2sTekan%20Teknik!5e0!3m2!1str!2str!4v1661381729888!5m2!1str!2str\" width=\"100%\" height=\"450\" allowfullscreen=\"allowfullscreen\"><\/iframe>[\/vc_column_text][\/vc_column_inner][\/vc_row_inner][\/vc_column][\/vc_row][vc_row css=&#8221;.vc_custom_1661396024407{background-color: #ffffff !important;}&#8221;][vc_column][vc_row_inner equal_height=&#8221;yes&#8221; content_placement=&#8221;middle&#8221;][vc_column_inner width=&#8221;1\/3&#8243;][vc_column_text css_animation=&#8221;fadeInLeft&#8221; css=&#8221;.vc_custom_1662657461431{padding-top: 8px !important;}&#8221;]<\/p>\n<div class=\"tac-inner-second-title-1\">CONTACT US<\/div>\n<p>[\/vc_column_text][vc_column_text css_animation=&#8221;fadeInLeftBig&#8221;]<\/p>\n<div class=\"tac-inner-second-title-2\">TAC ISITMA SO\u011eUTMA LTD. \u015eT\u0130.<\/div>\n<p>[\/vc_column_text][vc_column_text css_animation=&#8221;fadeInLeftBig&#8221;]<\/p>\n<div><strong>Tel:<\/strong> <a href=\"tel:+902324690616\">+90 232 469 06 16<\/a><br \/>\n<strong>Fax:<\/strong> +90 232 469 06 26<br \/>\n<strong>E-Mail:<\/strong> <a href=\"mailto:info@taciklimlendirme.com\">info@taciklimlendirme.com<\/a><br \/>\n<strong>Address:<\/strong> Yeni\u015fehir, 1202\/1. Sk. 19\/K\u00a0 35170 Konak \/ \u0130zmir<\/div>\n<p>[\/vc_column_text][vc_separator border_width=&#8221;3&#8243; css_animation=&#8221;fadeInLeftBig&#8221; css=&#8221;.vc_custom_1661400532638{margin-top: 20px !important;background-color: #0e508c !important;}&#8221;][vc_column_text css_animation=&#8221;fadeInLeft&#8221; css=&#8221;.vc_custom_1662657636039{padding-top: 25px !important;}&#8221;]<\/p>\n<div class=\"tac-contact-text\">For all your questions, you can reach us via the contact form, on our phone numbers or by e-mail.<\/div>\n<p>[\/vc_column_text][\/vc_column_inner][vc_column_inner width=&#8221;2\/3&#8243; css=&#8221;.vc_custom_1661385557030{padding-top: 50px !important;}&#8221;]\n<div class=\"wpcf7 no-js\" id=\"wpcf7-f9-o1\" lang=\"tr-TR\" dir=\"ltr\">\n<div class=\"screen-reader-response\"><p role=\"status\" aria-live=\"polite\" aria-atomic=\"true\"><\/p> <ul><\/ul><\/div>\n<form action=\"\/en\/wp-json\/wp\/v2\/pages\/28#wpcf7-f9-o1\" method=\"post\" class=\"wpcf7-form init\" aria-label=\"Contact form\" novalidate=\"novalidate\" data-status=\"init\">\n<div style=\"display: none;\">\n<input type=\"hidden\" name=\"_wpcf7\" value=\"9\" \/>\n<input type=\"hidden\" name=\"_wpcf7_version\" value=\"5.7.5.1\" \/>\n<input type=\"hidden\" name=\"_wpcf7_locale\" value=\"tr_TR\" \/>\n<input type=\"hidden\" name=\"_wpcf7_unit_tag\" value=\"wpcf7-f9-o1\" \/>\n<input type=\"hidden\" name=\"_wpcf7_container_post\" value=\"0\" \/>\n<input type=\"hidden\" name=\"_wpcf7_posted_data_hash\" value=\"\" \/>\n<\/div>\n<div class=\"row\">\n\t<div class=\"col-md-4\">\n\t\t<p>Name Surname (*) <span class=\"wpcf7-form-control-wrap\" data-name=\"ad-soyad\"><input size=\"40\" class=\"wpcf7-form-control wpcf7-text wpcf7-validates-as-required\" aria-required=\"true\" aria-invalid=\"false\" value=\"\" type=\"text\" name=\"ad-soyad\" \/><\/span>\n\t\t<\/p>\n\t<\/div>\n\t<div class=\"col-md-4\">\n\t\t<p>E-Mail (*) <span class=\"wpcf7-form-control-wrap\" data-name=\"posta\"><input size=\"40\" class=\"wpcf7-form-control wpcf7-text wpcf7-email wpcf7-validates-as-required wpcf7-validates-as-email\" aria-required=\"true\" aria-invalid=\"false\" value=\"\" type=\"email\" name=\"posta\" \/><\/span>\n\t\t<\/p>\n\t<\/div>\n\t<div class=\"col-md-4\">\n\t\t<p>Telephone (*) <span class=\"wpcf7-form-control-wrap\" data-name=\"telefon\"><input size=\"40\" class=\"wpcf7-form-control wpcf7-text wpcf7-validates-as-required\" aria-required=\"true\" aria-invalid=\"false\" value=\"\" type=\"text\" name=\"telefon\" \/><\/span>\n\t\t<\/p>\n\t<\/div>\n\t<div class=\"col-md-12\">\n\t\t<p>Subject (*) <span class=\"wpcf7-form-control-wrap\" data-name=\"konu\"><input size=\"40\" class=\"wpcf7-form-control wpcf7-text wpcf7-validates-as-required\" aria-required=\"true\" aria-invalid=\"false\" value=\"\" type=\"text\" name=\"konu\" \/><\/span>\n\t\t<\/p>\n\t<\/div>\n\t<div class=\"col-md-12\">\n\t\t<p>Message <span class=\"wpcf7-form-control-wrap\" data-name=\"mesaj\"><textarea cols=\"40\" rows=\"10\" class=\"wpcf7-form-control wpcf7-textarea\" aria-invalid=\"false\" name=\"mesaj\"><\/textarea><\/span>\n\t\t<\/p>\n\t<\/div>\n\t<div class=\"col-md-12\">\n\t\t<p><input class=\"wpcf7-form-control has-spinner wpcf7-submit\" type=\"submit\" value=\"SUMBIT\" \/>\n\t\t<\/p>\n\t<\/div>\n\t<div class=\"row form-row\">\n\t\t<div class=\"col-md-12\">\n\t\t\t<p><span style=\"color:#D12A2E;padding-left:15px;\">You must accept the terms before submitting the form.<\/span>\n\t\t\t<\/p>\n\t\t\t<p><label> <span class=\"wpcf7-form-control-wrap\" data-name=\"kvkk\"><span class=\"wpcf7-form-control wpcf7-acceptance\"><span class=\"wpcf7-list-item\"><label><input type=\"checkbox\" name=\"kvkk\" value=\"1\" aria-invalid=\"false\" \/><span class=\"wpcf7-list-item-label\">I have read and understood the <a href=\"https:\/\/taciklimlendirme.com\/kurumsal\/kisisel-verileri-koruma-kanunu\/\" target=\"blank\"><b>Clarification Text.<\/b><\/a><\/span><\/label><\/span><\/span><\/span><br \/>\n<\/label>\n\t\t\t<\/p>\n\t\t<\/div><!-- col-md-12 -->\n\t<\/div><!-- row -->\n<\/div><div class=\"wpcf7-response-output\" aria-hidden=\"true\"><\/div>\n<\/form>\n<\/div>\n[\/vc_column_inner][\/vc_row_inner][\/vc_column][\/vc_row][vc_row css=&#8221;.vc_custom_1661396187737{padding-top: 75px !important;}&#8221;][vc_column width=&#8221;1\/3&#8243;][vc_row_inner equal_height=&#8221;yes&#8221; content_placement=&#8221;middle&#8221;][vc_column_inner][vc_column_text css_animation=&#8221;fadeInLeft&#8221;]<\/p>\n<div class=\"tac-inner-second-title-1\">SOCIAL MEDIA<\/div>\n<p>[\/vc_column_text][vc_column_text css_animation=&#8221;fadeInLeftBig&#8221;]<\/p>\n<div class=\"tac-inner-second-title-2\">FOLLOW US<\/div>\n<p>[\/vc_column_text][\/vc_column_inner][\/vc_row_inner][\/vc_column][vc_column width=&#8221;2\/3&#8243;][vc_row_inner equal_height=&#8221;yes&#8221; content_placement=&#8221;middle&#8221;][vc_column_inner width=&#8221;1\/6&#8243;][\/vc_column_inner][vc_column_inner width=&#8221;1\/6&#8243;][\/vc_column_inner][vc_column_inner width=&#8221;1\/6&#8243; css=&#8221;.vc_custom_1661396290973{padding-top: 30px !important;}&#8221;][\/vc_column_inner][vc_column_inner width=&#8221;1\/6&#8243; css=&#8221;.vc_custom_1661396295347{padding-top: 30px !important;}&#8221;][vc_icon icon_fontawesome=&#8221;fab fa-instagram&#8221; color=&#8221;custom&#8221; background_style=&#8221;rounded&#8221; size=&#8221;lg&#8221; align=&#8221;center&#8221; custom_color=&#8221;#033f5b&#8221; link=&#8221;url:https%3A%2F%2Fwww.instagram.com%2Ftaciklimlendirme%2F|target:_blank&#8221;][\/vc_column_inner][vc_column_inner width=&#8221;1\/6&#8243; css=&#8221;.vc_custom_1661396301201{padding-top: 30px !important;}&#8221;][vc_icon icon_fontawesome=&#8221;fab fa-linkedin-in&#8221; color=&#8221;custom&#8221; size=&#8221;lg&#8221; align=&#8221;center&#8221; custom_color=&#8221;#033f5b&#8221; link=&#8221;url:https%3A%2F%2Fwww.linkedin.com%2Fcompany%2Ftac-i%25CC%2587klimlendirme%2F|target:_blank&#8221;][\/vc_column_inner][vc_column_inner width=&#8221;1\/6&#8243; css=&#8221;.vc_custom_1661396305769{padding-top: 30px !important;}&#8221;][vc_icon icon_fontawesome=&#8221;fab fa-facebook-f&#8221; color=&#8221;custom&#8221; size=&#8221;lg&#8221; align=&#8221;center&#8221; custom_color=&#8221;#033f5b&#8221; link=&#8221;url:https%3A%2F%2Fwww.facebook.com%2Ftaciklimlendirme|target:_blank&#8221;][\/vc_column_inner][\/vc_row_inner][\/vc_column][\/vc_row]<\/p>\n","protected":false},"excerpt":{"rendered":"<p>[vc_row type=&#8221;full_width&#8221;][vc_column][vc_row_inner][vc_column_inner][vc_column_text][\/vc_column_text][\/vc_column_inner][\/vc_row_inner][\/vc_column][\/vc_row][vc_row css=&#8221;.vc_custom_1661396024407{background-color: #ffffff !important;}&#8221;][vc_column][vc_row_inner equal_height=&#8221;yes&#8221; content_placement=&#8221;middle&#8221;][vc_column_inner width=&#8221;1\/3&#8243;][vc_column_text css_animation=&#8221;fadeInLeft&#8221; css=&#8221;.vc_custom_1662657461431{padding-top: 8px !important;}&#8221;] CONTACT US [\/vc_column_text][vc_column_text css_animation=&#8221;fadeInLeftBig&#8221;] TAC ISITMA SO\u011eUTMA LTD. \u015eT\u0130. [\/vc_column_text][vc_column_text css_animation=&#8221;fadeInLeftBig&#8221;] Tel: +90 232 469 06 16 Fax: +90 232 469 06 26 E-Mail: info@taciklimlendirme.com Address: Yeni\u015fehir, 1202\/1. Sk. 19\/K\u00a0 35170 Konak \/ \u0130zmir [\/vc_column_text][vc_separator border_width=&#8221;3&#8243; css_animation=&#8221;fadeInLeftBig&#8221; css=&#8221;.vc_custom_1661400532638{margin-top: 20px !important;background-color: #0e508c !important;}&#8221;][vc_column_text css_animation=&#8221;fadeInLeft&#8221; [&hellip;]<\/p>\n","protected":false},"author":1,"featured_media":0,"parent":30,"menu_order":0,"comment_status":"closed","ping_status":"closed","template":"","meta":[],"_links":{"self":[{"href":"https:\/\/taciklimlendirme.com\/en\/wp-json\/wp\/v2\/pages\/28"}],"collection":[{"href":"https:\/\/taciklimlendirme.com\/en\/wp-json\/wp\/v2\/pages"}],"about":[{"href":"https:\/\/taciklimlendirme.com\/en\/wp-json\/wp\/v2\/types\/page"}],"author":[{"embeddable":true,"href":"https:\/\/taciklimlendirme.com\/en\/wp-json\/wp\/v2\/users\/1"}],"replies":[{"embeddable":true,"href":"https:\/\/taciklimlendirme.com\/en\/wp-json\/wp\/v2\/comments?post=28"}],"version-history":[{"count":42,"href":"https:\/\/taciklimlendirme.com\/en\/wp-json\/wp\/v2\/pages\/28\/revisions"}],"predecessor-version":[{"id":337,"href":"https:\/\/taciklimlendirme.com\/en\/wp-json\/wp\/v2\/pages\/28\/revisions\/337"}],"up":[{"embeddable":true,"href":"https:\/\/taciklimlendirme.com\/en\/wp-json\/wp\/v2\/pages\/30"}],"wp:attachment":[{"href":"https:\/\/taciklimlendirme.com\/en\/wp-json\/wp\/v2\/media?parent=28"}],"curies":[{"name":"wp","href":"https:\/\/api.w.org\/{rel}","templated":true}]}}