{"id":54,"date":"2022-08-25T01:35:48","date_gmt":"2022-08-24T22:35:48","guid":{"rendered":"http:\/\/studyoweb.com\/tac\/?page_id=54"},"modified":"2022-11-04T02:30:08","modified_gmt":"2022-11-03T23:30:08","slug":"referanslar","status":"publish","type":"page","link":"https:\/\/taciklimlendirme.com\/en\/kurumsal\/referanslar\/","title":{"rendered":"REFERENCES"},"content":{"rendered":"<p>[vc_row css=&#8221;.vc_custom_1664147953642{padding-top: 50px !important;}&#8221;][vc_column][vc_row_inner][vc_column_inner width=&#8221;1\/6&#8243; css=&#8221;.vc_custom_1664146047567{padding-bottom: 25px !important;}&#8221;][vc_single_image image=&#8221;420&#8243; img_size=&#8221;full&#8221; alignment=&#8221;center&#8221; el_class=&#8221;tekan-ref-images&#8221;][vc_column_text el_class=&#8221;tekan-ref-text&#8221;]AHU HASTANES\u0130[\/vc_column_text][\/vc_column_inner][vc_column_inner width=&#8221;1\/6&#8243; css=&#8221;.vc_custom_1664146052694{padding-bottom: 25px !important;}&#8221;][vc_single_image image=&#8221;421&#8243; img_size=&#8221;full&#8221; alignment=&#8221;center&#8221; el_class=&#8221;tekan-ref-images&#8221;][vc_column_text el_class=&#8221;tekan-ref-text&#8221;]\u00c7E\u015eME ALTIN YUNUS HOTEL[\/vc_column_text][\/vc_column_inner][vc_column_inner width=&#8221;1\/6&#8243; css=&#8221;.vc_custom_1664146058126{padding-bottom: 25px !important;}&#8221;][vc_single_image image=&#8221;422&#8243; img_size=&#8221;full&#8221; alignment=&#8221;center&#8221; el_class=&#8221;tekan-ref-images&#8221;][vc_column_text el_class=&#8221;tekan-ref-text&#8221;]AMBAR[\/vc_column_text][\/vc_column_inner][vc_column_inner width=&#8221;1\/6&#8243; css=&#8221;.vc_custom_1664146063515{padding-bottom: 25px !important;}&#8221;][vc_single_image image=&#8221;423&#8243; img_size=&#8221;full&#8221; alignment=&#8221;center&#8221; el_class=&#8221;tekan-ref-images&#8221;][vc_column_text el_class=&#8221;tekan-ref-text&#8221;]ANTALYA E\u011e\u0130T\u0130M VE ARA\u015eTIRMA HASTANES\u0130[\/vc_column_text][\/vc_column_inner][vc_column_inner width=&#8221;1\/6&#8243; css=&#8221;.vc_custom_1664146068865{padding-bottom: 25px !important;}&#8221;][vc_single_image image=&#8221;424&#8243; img_size=&#8221;full&#8221; alignment=&#8221;center&#8221; el_class=&#8221;tekan-ref-images&#8221;][vc_column_text el_class=&#8221;tekan-ref-text&#8221;]\u0130ZM\u0130R ATAT\u00dcRK E\u011e\u0130T\u0130M VE ARA\u015eTIRMA HASTANES\u0130[\/vc_column_text][\/vc_column_inner][vc_column_inner width=&#8221;1\/6&#8243; css=&#8221;.vc_custom_1664146074939{padding-bottom: 25px !important;}&#8221;][vc_single_image image=&#8221;425&#8243; img_size=&#8221;full&#8221; alignment=&#8221;center&#8221; el_class=&#8221;tekan-ref-images&#8221;][vc_column_text el_class=&#8221;tekan-ref-text&#8221;]\u0130ZM\u0130R BOZYAKA E\u011e\u0130T\u0130M VE ARA\u015eTIRMA HASTANES\u0130[\/vc_column_text][\/vc_column_inner][\/vc_row_inner][vc_row_inner][vc_column_inner width=&#8221;1\/6&#8243; css=&#8221;.vc_custom_1664146047567{padding-bottom: 25px !important;}&#8221;][vc_single_image image=&#8221;426&#8243; img_size=&#8221;full&#8221; alignment=&#8221;center&#8221; el_class=&#8221;tekan-ref-images&#8221;][vc_column_text el_class=&#8221;tekan-ref-text&#8221;]CP P\u0130L\u0130\u00c7[\/vc_column_text][\/vc_column_inner][vc_column_inner width=&#8221;1\/6&#8243; css=&#8221;.vc_custom_1664146052694{padding-bottom: 25px !important;}&#8221;][vc_single_image image=&#8221;427&#8243; img_size=&#8221;full&#8221; alignment=&#8221;center&#8221; el_class=&#8221;tekan-ref-images&#8221;][vc_column_text el_class=&#8221;tekan-ref-text&#8221;]PAMUKKALE \u00dcN\u0130VERS\u0130TES\u0130[\/vc_column_text][\/vc_column_inner][vc_column_inner width=&#8221;1\/6&#8243; css=&#8221;.vc_custom_1664146058126{padding-bottom: 25px !important;}&#8221;][vc_single_image image=&#8221;429&#8243; img_size=&#8221;full&#8221; alignment=&#8221;center&#8221; el_class=&#8221;tekan-ref-images&#8221;][vc_column_text el_class=&#8221;tekan-ref-text&#8221;]DOKUZ EYL\u00dcL \u00dcN\u0130VERS\u0130TES\u0130[\/vc_column_text][\/vc_column_inner][vc_column_inner width=&#8221;1\/6&#8243; css=&#8221;.vc_custom_1664146063515{padding-bottom: 25px !important;}&#8221;][vc_single_image image=&#8221;428&#8243; img_size=&#8221;full&#8221; alignment=&#8221;center&#8221; el_class=&#8221;tekan-ref-images&#8221;][vc_column_text el_class=&#8221;tekan-ref-text&#8221;]E-BEBEK[\/vc_column_text][\/vc_column_inner][vc_column_inner width=&#8221;1\/6&#8243; css=&#8221;.vc_custom_1664146068865{padding-bottom: 25px !important;}&#8221;][vc_single_image image=&#8221;430&#8243; img_size=&#8221;full&#8221; alignment=&#8221;center&#8221; el_class=&#8221;tekan-ref-images&#8221;][vc_column_text el_class=&#8221;tekan-ref-text&#8221;]EGE \u00dcN\u0130VERS\u0130TES\u0130[\/vc_column_text][\/vc_column_inner][vc_column_inner width=&#8221;1\/6&#8243; css=&#8221;.vc_custom_1664146074939{padding-bottom: 25px !important;}&#8221;][vc_single_image image=&#8221;431&#8243; img_size=&#8221;full&#8221; alignment=&#8221;center&#8221; el_class=&#8221;tekan-ref-images&#8221;][vc_column_text el_class=&#8221;tekan-ref-text&#8221;]HAVA E\u011e\u0130T\u0130M KOMUTANLI\u011eI[\/vc_column_text][\/vc_column_inner][\/vc_row_inner][vc_row_inner][vc_column_inner width=&#8221;1\/6&#8243; css=&#8221;.vc_custom_1664146047567{padding-bottom: 25px !important;}&#8221;][vc_single_image image=&#8221;432&#8243; img_size=&#8221;full&#8221; alignment=&#8221;center&#8221; el_class=&#8221;tekan-ref-images&#8221;][vc_column_text el_class=&#8221;tekan-ref-text&#8221;]HEDEF ECZA DEPOSU[\/vc_column_text][\/vc_column_inner][vc_column_inner width=&#8221;1\/6&#8243; css=&#8221;.vc_custom_1664146052694{padding-bottom: 25px !important;}&#8221;][vc_single_image image=&#8221;433&#8243; img_size=&#8221;full&#8221; alignment=&#8221;center&#8221; el_class=&#8221;tekan-ref-images&#8221;][vc_column_text el_class=&#8221;tekan-ref-text&#8221;]HILTON[\/vc_column_text][\/vc_column_inner][vc_column_inner width=&#8221;1\/6&#8243; css=&#8221;.vc_custom_1664146058126{padding-bottom: 25px !important;}&#8221;][vc_single_image image=&#8221;434&#8243; img_size=&#8221;full&#8221; alignment=&#8221;center&#8221; el_class=&#8221;tekan-ref-images&#8221;][vc_column_text el_class=&#8221;tekan-ref-text&#8221;]\u0130ZM\u0130R B\u00dcY\u00dcK\u015eEH\u0130R BELED\u0130YES\u0130[\/vc_column_text][\/vc_column_inner][vc_column_inner width=&#8221;1\/6&#8243; css=&#8221;.vc_custom_1664146063515{padding-bottom: 25px !important;}&#8221;][vc_single_image image=&#8221;435&#8243; img_size=&#8221;full&#8221; alignment=&#8221;center&#8221; el_class=&#8221;tekan-ref-images&#8221;][vc_column_text el_class=&#8221;tekan-ref-text&#8221;]\u0130ZM\u0130R KAT\u0130P \u00c7ELEB\u0130 \u00dcN\u0130VERS\u0130TES\u0130[\/vc_column_text][\/vc_column_inner][vc_column_inner width=&#8221;1\/6&#8243; css=&#8221;.vc_custom_1664146068865{padding-bottom: 25px !important;}&#8221;][vc_single_image image=&#8221;436&#8243; img_size=&#8221;full&#8221; alignment=&#8221;center&#8221; el_class=&#8221;tekan-ref-images&#8221;][vc_column_text el_class=&#8221;tekan-ref-text&#8221;]\u0130N\u00d6N\u00dc \u00dcN\u0130VERS\u0130TES\u0130 TURGUT \u00d6ZAL TIP MERKEZ\u0130[\/vc_column_text][\/vc_column_inner][vc_column_inner width=&#8221;1\/6&#8243; css=&#8221;.vc_custom_1664146074939{padding-bottom: 25px !important;}&#8221;][vc_single_image image=&#8221;437&#8243; img_size=&#8221;full&#8221; alignment=&#8221;center&#8221; el_class=&#8221;tekan-ref-images&#8221;][vc_column_text el_class=&#8221;tekan-ref-text&#8221;]\u0130ZM\u0130R \u00d6ZEL T\u00dcRK KOLEJ\u0130[\/vc_column_text][\/vc_column_inner][\/vc_row_inner][vc_row_inner][vc_column_inner width=&#8221;1\/6&#8243; css=&#8221;.vc_custom_1664146047567{padding-bottom: 25px !important;}&#8221;][vc_single_image image=&#8221;439&#8243; img_size=&#8221;full&#8221; alignment=&#8221;center&#8221; el_class=&#8221;tekan-ref-images&#8221;][vc_column_text el_class=&#8221;tekan-ref-text&#8221;]\u0130ZM\u0130R TEPEC\u0130K E\u011e\u0130T\u0130M VE ARA\u015eTIRMA HASTANES\u0130[\/vc_column_text][\/vc_column_inner][vc_column_inner width=&#8221;1\/6&#8243; css=&#8221;.vc_custom_1664146052694{padding-bottom: 25px !important;}&#8221;][vc_single_image image=&#8221;440&#8243; img_size=&#8221;full&#8221; alignment=&#8221;center&#8221; el_class=&#8221;tekan-ref-images&#8221;][vc_column_text el_class=&#8221;tekan-ref-text&#8221;]YA\u015eAR \u00dcN\u0130VERS\u0130TES\u0130[\/vc_column_text][\/vc_column_inner][vc_column_inner width=&#8221;1\/6&#8243; css=&#8221;.vc_custom_1664146058126{padding-bottom: 25px !important;}&#8221;][vc_single_image image=&#8221;441&#8243; img_size=&#8221;full&#8221; alignment=&#8221;center&#8221; el_class=&#8221;tekan-ref-images&#8221;][vc_column_text el_class=&#8221;tekan-ref-text&#8221;]KENT HASTANES\u0130[\/vc_column_text][\/vc_column_inner][vc_column_inner width=&#8221;1\/6&#8243; css=&#8221;.vc_custom_1664146063515{padding-bottom: 25px !important;}&#8221;][vc_single_image image=&#8221;442&#8243; img_size=&#8221;full&#8221; alignment=&#8221;center&#8221; el_class=&#8221;tekan-ref-images&#8221;][vc_column_text el_class=&#8221;tekan-ref-text&#8221;]K\u00d6FTEC\u0130 YUSUF[\/vc_column_text][\/vc_column_inner][vc_column_inner width=&#8221;1\/6&#8243; css=&#8221;.vc_custom_1664146068865{padding-bottom: 25px !important;}&#8221;][vc_single_image image=&#8221;443&#8243; img_size=&#8221;full&#8221; alignment=&#8221;center&#8221; el_class=&#8221;tekan-ref-images&#8221;][vc_column_text el_class=&#8221;tekan-ref-text&#8221;]KONAK BELED\u0130YES\u0130[\/vc_column_text][\/vc_column_inner][vc_column_inner width=&#8221;1\/6&#8243; css=&#8221;.vc_custom_1664146074939{padding-bottom: 25px !important;}&#8221;][vc_single_image image=&#8221;444&#8243; img_size=&#8221;full&#8221; alignment=&#8221;center&#8221; el_class=&#8221;tekan-ref-images&#8221;][vc_column_text el_class=&#8221;tekan-ref-text&#8221;]LYRA HOTEL[\/vc_column_text][\/vc_column_inner][\/vc_row_inner][vc_row_inner][vc_column_inner width=&#8221;1\/6&#8243; css=&#8221;.vc_custom_1664146047567{padding-bottom: 25px !important;}&#8221;][vc_single_image image=&#8221;445&#8243; img_size=&#8221;full&#8221; alignment=&#8221;center&#8221; el_class=&#8221;tekan-ref-images&#8221;][vc_column_text el_class=&#8221;tekan-ref-text&#8221;]MARMAR\u0130S RESORT[\/vc_column_text][\/vc_column_inner][vc_column_inner width=&#8221;1\/6&#8243; css=&#8221;.vc_custom_1664146052694{padding-bottom: 25px !important;}&#8221;][vc_single_image image=&#8221;446&#8243; img_size=&#8221;full&#8221; alignment=&#8221;center&#8221; el_class=&#8221;tekan-ref-images&#8221;][vc_column_text el_class=&#8221;tekan-ref-text&#8221;]MAV\u0130 JEANS[\/vc_column_text][\/vc_column_inner][vc_column_inner width=&#8221;1\/6&#8243; css=&#8221;.vc_custom_1664146058126{padding-bottom: 25px !important;}&#8221;][vc_single_image image=&#8221;447&#8243; img_size=&#8221;full&#8221; alignment=&#8221;center&#8221; el_class=&#8221;tekan-ref-images&#8221;][vc_column_text el_class=&#8221;tekan-ref-text&#8221;]\u00d6ZEL ATA SA\u011eLIK HASTANES\u0130[\/vc_column_text][\/vc_column_inner][vc_column_inner width=&#8221;1\/6&#8243; css=&#8221;.vc_custom_1664146063515{padding-bottom: 25px !important;}&#8221;][vc_single_image image=&#8221;448&#8243; img_size=&#8221;full&#8221; alignment=&#8221;center&#8221; el_class=&#8221;tekan-ref-images&#8221;][vc_column_text el_class=&#8221;tekan-ref-text&#8221;]PAKMAYA[\/vc_column_text][\/vc_column_inner][vc_column_inner width=&#8221;1\/6&#8243; css=&#8221;.vc_custom_1664146068865{padding-bottom: 25px !important;}&#8221;][vc_single_image image=&#8221;449&#8243; img_size=&#8221;full&#8221; alignment=&#8221;center&#8221; el_class=&#8221;tekan-ref-images&#8221;][vc_column_text el_class=&#8221;tekan-ref-text&#8221;]\u015eEKER P\u0130L\u0130\u00c7[\/vc_column_text][\/vc_column_inner][vc_column_inner width=&#8221;1\/6&#8243; css=&#8221;.vc_custom_1664146074939{padding-bottom: 25px !important;}&#8221;][vc_single_image image=&#8221;450&#8243; img_size=&#8221;full&#8221; alignment=&#8221;center&#8221; el_class=&#8221;tekan-ref-images&#8221;][vc_column_text el_class=&#8221;tekan-ref-text&#8221;]SOOBE[\/vc_column_text][\/vc_column_inner][\/vc_row_inner][vc_row_inner][vc_column_inner width=&#8221;1\/6&#8243; css=&#8221;.vc_custom_1664146047567{padding-bottom: 25px !important;}&#8221;][vc_single_image image=&#8221;451&#8243; img_size=&#8221;full&#8221; alignment=&#8221;center&#8221; el_class=&#8221;tekan-ref-images&#8221;][vc_column_text el_class=&#8221;tekan-ref-text&#8221;]SWISSOTEL[\/vc_column_text][\/vc_column_inner][vc_column_inner width=&#8221;1\/6&#8243; css=&#8221;.vc_custom_1664146052694{padding-bottom: 25px !important;}&#8221;][vc_single_image image=&#8221;452&#8243; img_size=&#8221;full&#8221; alignment=&#8221;center&#8221; el_class=&#8221;tekan-ref-images&#8221;][vc_column_text el_class=&#8221;tekan-ref-text&#8221;]\u00dcLKER GOLF[\/vc_column_text][\/vc_column_inner][vc_column_inner width=&#8221;1\/6&#8243; css=&#8221;.vc_custom_1664146058126{padding-bottom: 25px !important;}&#8221;][vc_single_image image=&#8221;453&#8243; img_size=&#8221;full&#8221; alignment=&#8221;center&#8221; el_class=&#8221;tekan-ref-images&#8221;][vc_column_text el_class=&#8221;tekan-ref-text&#8221;]VAKKO[\/vc_column_text][\/vc_column_inner][vc_column_inner width=&#8221;1\/6&#8243; css=&#8221;.vc_custom_1664146063515{padding-bottom: 25px !important;}&#8221;][vc_single_image image=&#8221;454&#8243; img_size=&#8221;full&#8221; alignment=&#8221;center&#8221; el_class=&#8221;tekan-ref-images&#8221;][vc_column_text el_class=&#8221;tekan-ref-text&#8221;]V CLUB MARMAR\u0130S[\/vc_column_text][\/vc_column_inner][vc_column_inner width=&#8221;1\/6&#8243; css=&#8221;.vc_custom_1664146068865{padding-bottom: 25px !important;}&#8221;][vc_single_image image=&#8221;455&#8243; img_size=&#8221;full&#8221; alignment=&#8221;center&#8221; el_class=&#8221;tekan-ref-images&#8221;][vc_column_text el_class=&#8221;tekan-ref-text&#8221;]YATSAN[\/vc_column_text][\/vc_column_inner][vc_column_inner width=&#8221;1\/6&#8243; css=&#8221;.vc_custom_1664146074939{padding-bottom: 25px !important;}&#8221;][vc_single_image image=&#8221;456&#8243; img_size=&#8221;full&#8221; alignment=&#8221;center&#8221; el_class=&#8221;tekan-ref-images&#8221;][vc_column_text el_class=&#8221;tekan-ref-text&#8221;]VAN Y\u00dcZ\u00dcNC\u00dc YIL \u00dcN\u0130VERS\u0130TES\u0130[\/vc_column_text][\/vc_column_inner][\/vc_row_inner][\/vc_column][\/vc_row]<\/p>\n","protected":false},"excerpt":{"rendered":"<p>[vc_row css=&#8221;.vc_custom_1664147953642{padding-top: 50px !important;}&#8221;][vc_column][vc_row_inner][vc_column_inner width=&#8221;1\/6&#8243; css=&#8221;.vc_custom_1664146047567{padding-bottom: 25px !important;}&#8221;][vc_single_image image=&#8221;420&#8243; img_size=&#8221;full&#8221; alignment=&#8221;center&#8221; el_class=&#8221;tekan-ref-images&#8221;][vc_column_text el_class=&#8221;tekan-ref-text&#8221;]AHU HASTANES\u0130[\/vc_column_text][\/vc_column_inner][vc_column_inner width=&#8221;1\/6&#8243; css=&#8221;.vc_custom_1664146052694{padding-bottom: 25px !important;}&#8221;][vc_single_image image=&#8221;421&#8243; img_size=&#8221;full&#8221; alignment=&#8221;center&#8221; el_class=&#8221;tekan-ref-images&#8221;][vc_column_text el_class=&#8221;tekan-ref-text&#8221;]\u00c7E\u015eME ALTIN YUNUS HOTEL[\/vc_column_text][\/vc_column_inner][vc_column_inner width=&#8221;1\/6&#8243; css=&#8221;.vc_custom_1664146058126{padding-bottom: 25px !important;}&#8221;][vc_single_image image=&#8221;422&#8243; img_size=&#8221;full&#8221; alignment=&#8221;center&#8221; el_class=&#8221;tekan-ref-images&#8221;][vc_column_text el_class=&#8221;tekan-ref-text&#8221;]AMBAR[\/vc_column_text][\/vc_column_inner][vc_column_inner width=&#8221;1\/6&#8243; css=&#8221;.vc_custom_1664146063515{padding-bottom: 25px !important;}&#8221;][vc_single_image image=&#8221;423&#8243; img_size=&#8221;full&#8221; alignment=&#8221;center&#8221; el_class=&#8221;tekan-ref-images&#8221;][vc_column_text el_class=&#8221;tekan-ref-text&#8221;]ANTALYA E\u011e\u0130T\u0130M VE ARA\u015eTIRMA HASTANES\u0130[\/vc_column_text][\/vc_column_inner][vc_column_inner width=&#8221;1\/6&#8243; css=&#8221;.vc_custom_1664146068865{padding-bottom: 25px !important;}&#8221;][vc_single_image image=&#8221;424&#8243; img_size=&#8221;full&#8221; alignment=&#8221;center&#8221; [&hellip;]<\/p>\n","protected":false},"author":1,"featured_media":0,"parent":30,"menu_order":0,"comment_status":"closed","ping_status":"closed","template":"","meta":[],"_links":{"self":[{"href":"https:\/\/taciklimlendirme.com\/en\/wp-json\/wp\/v2\/pages\/54"}],"collection":[{"href":"https:\/\/taciklimlendirme.com\/en\/wp-json\/wp\/v2\/pages"}],"about":[{"href":"https:\/\/taciklimlendirme.com\/en\/wp-json\/wp\/v2\/types\/page"}],"author":[{"embeddable":true,"href":"https:\/\/taciklimlendirme.com\/en\/wp-json\/wp\/v2\/users\/1"}],"replies":[{"embeddable":true,"href":"https:\/\/taciklimlendirme.com\/en\/wp-json\/wp\/v2\/comments?post=54"}],"version-history":[{"count":5,"href":"https:\/\/taciklimlendirme.com\/en\/wp-json\/wp\/v2\/pages\/54\/revisions"}],"predecessor-version":[{"id":457,"href":"https:\/\/taciklimlendirme.com\/en\/wp-json\/wp\/v2\/pages\/54\/revisions\/457"}],"up":[{"embeddable":true,"href":"https:\/\/taciklimlendirme.com\/en\/wp-json\/wp\/v2\/pages\/30"}],"wp:attachment":[{"href":"https:\/\/taciklimlendirme.com\/en\/wp-json\/wp\/v2\/media?parent=54"}],"curies":[{"name":"wp","href":"https:\/\/api.w.org\/{rel}","templated":true}]}}